{"id":2652,"date":"2021-05-24T10:27:02","date_gmt":"2021-05-24T08:27:02","guid":{"rendered":"https:\/\/dadisseny.com\/?page_id=2652"},"modified":"2024-12-16T19:52:29","modified_gmt":"2024-12-16T18:52:29","slug":"aviso-legal","status":"publish","type":"page","link":"https:\/\/dadisseny.com\/ca\/aviso-legal\/","title":{"rendered":"Av\u00eds Legal i condicions d&#039;\u00fas del portal"},"content":{"rendered":"<p>Per tal de donar efecte a l&#039;article 10 de la Llei 34\/2002, de Serveis de la Societat de la Informaci\u00f3 i de Comer\u00e7 Electr\u00f2nic, s&#039;informa als usuaris de les nostres dades:<\/p>\n<table>\n<tbody>\n<tr>\n<td width=\"250\">Nom De La Companyia:<\/td>\n<td>Dani Rodr\u00edguez Mollfulleda<\/td>\n<\/tr>\n<tr>\n<td>Domicili:<\/td>\n<td>Churruca, 11, 08788 Vilanova del Cam\u00ed (Barcelona)<\/td>\n<\/tr>\n<tr>\n<td>CIF:<\/td>\n<td>46780178H<\/td>\n<\/tr>\n<tr>\n<td>Tel\u00e8fon:<\/td>\n<td>618375377<\/td>\n<\/tr>\n<tr>\n<td>E-Mail:<\/td>\n<td>info@dadisseny.com<\/td>\n<\/tr>\n<tr>\n<td>Lloc Web:<\/td>\n<td>https:\/\/dadisseny.com<\/td>\n<\/tr>\n<\/tbody>\n<\/table>\n<p>L&#039;activitat desenvolupada per l&#039;empresa \u00e9s un m\u00e0rqueting digital i disseny web.<\/p>\n<p>Horari d&#039;atenci\u00f3 al p\u00fablic \u00e9s el seg\u00fcent: visites amb cita pr\u00e8via<\/p>\n<h3>1.- OBJECTE<\/h3>\n<p><strong>Dani Rodr\u00edguez Mollfulleda<\/strong> (d&#039;ara endavant el prestador) com a responsable del lloc web, posa a disposici\u00f3 dels usuaris el present document, per la qual es regula l&#039;\u00fas del lloc web <strong>https:\/\/dadisseny.com<\/strong>, amb la qual pretenem complir amb les obligacions que s&#039;estableixen en la Llei 34\/2002, de Serveis de la Societat de la Informaci\u00f3 i de Comer\u00e7 Electr\u00f2nic (LSSICE o LSSI), aix\u00ed com informar tots els usuaris de la web sobre all\u00f2 que les condicions d&#039;\u00fas del lloc web.<\/p>\n<p>A trav\u00e9s de la Web, <strong>Dani Rodr\u00edguez Mollfulleda<\/strong> proporciona als usuaris l&#039;acc\u00e9s i la utilitzaci\u00f3 de diversos serveis i continguts posats a disposici\u00f3 a trav\u00e9s de la web.<\/p>\n<p>Qualsevol persona que accedeixi a aquest lloc web assumeix el paper d&#039;usuari (en endavant l&#039;usuari), i implica l&#039;acceptaci\u00f3 plena i sense reserves de totes i cadascuna de les disposicions incloses en aquest av\u00eds legal, aix\u00ed com qualsevol de les altres disposicions legals que li s\u00f3n d&#039;aplicaci\u00f3.<\/p>\n<p>Com a usuaris, vost\u00e8 ha de llegir atentament aquest Av\u00eds Legal en qualsevol de les ocasions que v\u00e9nen a la web, ja que pot patir modificacions com el prestador es reserva el dret a modificar qualsevol tipus d&#039;informaci\u00f3 que pogu\u00e9s apar\u00e8ixer al lloc web, sense l&#039;obligaci\u00f3 de preav\u00eds o posar en coneixement dels usuaris aquestes obligacions, sent suficient amb la publicaci\u00f3 al lloc web del prestador.<\/p>\n<h3>2. CONDICIONS D&#039;ACC\u00c9S I \u00daS DEL LLOC WEB.<\/h3>\n<h4>2.1. Lliure acc\u00e9s i \u00fas del lloc web.<\/h4>\n<p>La prestaci\u00f3 de serveis per part de <strong>Dani Rodr\u00edguez Mollfulleda<\/strong> \u00e9s gratu\u00eft per a tots els Usuaris. No obstant aix\u00f2, alguns dels serveis subministrats pel prove\u00efdor a trav\u00e9s del lloc Web poden estar subjectes al pagament d&#039;un preu.<\/p>\n<h4>2.2. Registre d&#039;usuari.<\/h4>\n<p>En general la prestaci\u00f3 dels Serveis no exigeix la pr\u00e8via subscripci\u00f3 o registre dels Usuaris. Tot i aix\u00ed, <strong>Dani Rodr\u00edguez Mollfulleda<\/strong> condiciona la utilitzaci\u00f3 d&#039;alguns dels serveis de la pr\u00e8via complementaci\u00f3 del corresponent registre d&#039;Usuari. Aquest registre s&#039;efectuar\u00e0 en la forma expressament indicada en el self service de la secci\u00f3.<\/p>\n<h4>2.3. L&#039;exactitud de la informaci\u00f3.<\/h4>\n<p>Tota la informaci\u00f3 que faciliti l&#039;Usuari ha de ser vera\u00e7. A aquests efectes, l&#039;Usuari garanteix l&#039;autenticitat de les dades facilitades a trav\u00e9s de formularis per a la subscripci\u00f3 dels Serveis. Ser\u00e0 responsabilitat de l&#039;Usuari mantenir tota la informaci\u00f3 facilitada a <strong>Dani Rodr\u00edguez Mollfulleda<\/strong> permanentment actualitzada de manera que respongui en tot moment a la seva situaci\u00f3 real. En qualsevol cas, l&#039;Usuari ser\u00e0 l&#039;\u00fanic responsable de les manifestacions falses o inexactes que realitzi i dels perjudicis causats per al prove\u00efdor o de tercers.<\/p>\n<h4>2.4. Els menors d&#039;edat.<\/h4>\n<p>Per a la utilitzaci\u00f3 dels serveis, els menors sempre han d&#039;obtenir el consentiment previ dels seus pares, tutors o representants legals, que s\u00f3n en definitiva els responsables de tots els actes realitzats pels menors al seu c\u00e0rrec. La responsabilitat per a la determinaci\u00f3 de continguts espec\u00edfics a qu\u00e8 van arribar el m\u00e9s baix correspon a aquells que, per aix\u00f2, si teniu acc\u00e9s a continguts que no s\u00f3n adequats per a la Internet, vost\u00e8 haur\u00e0 d&#039;establir en els seus ordinadors mecanismes, en particular programes inform\u00e0tics, els filtres i els blocs, que hauria de limitar els continguts disponibles i, malgrat que no s\u00f3n infal\u00b7libles, s\u00f3n d&#039;especial utilitat per controlar i restringir els materials que hi poden accedir els menors.<\/p>\n<h4>2.5. Obligaci\u00f3 de fer un \u00fas correcte de la Web.<\/h4>\n<p>L&#039;Usuari es compromet a utilitzar el lloc Web de conformitat amb la Llei i el present Av\u00eds Legal, aix\u00ed com amb la moral i els bons costums. A aquest efecte, l&#039;Usuari s&#039;abstindr\u00e0 d&#039;utilitzar la p\u00e0gina per a finalitats il\u00b7legals o prohibits, lesius dels drets i interessos de tercers, o que de qualsevol manera puguin danyar, inutilitzar, sobrecarregar, deteriorar o impedir la utilitzaci\u00f3 normal dels equips inform\u00e0tics o els documents, arxius i tota classe de continguts emmagatzemats en qualsevol equip inform\u00e0tic de prove\u00efdor.<\/p>\n<p>En particular, i indicativa, per\u00f2 no exhaustiva, l&#039;Usuari es compromet a no transmetre, difondre o posar a disposici\u00f3 de tercers informacions, dades, continguts, missatges, gr\u00e0fics, dibuixos, arxius de so o imatge, fotografies, enregistraments, programari i, en general, qualsevol classe de material que:<\/p>\n<ol>\n<li>contr\u00e0riament, menyspreen o intents contra els drets fonamentals i les llibertats p\u00fabliques reconegudes constitucionalment, en els tractats internacionals i la resta de normativa aplicable;<\/li>\n<li>indueixin, incitin o promoguin actuacions delictives, denigrants, difamat\u00f2ries, violentes o, en general, contr\u00e0ries a la llei, a la moral i a l&#039;ordre p\u00fablic;<\/li>\n<li>indueix, incita o promogui actuacions, actituds o pensaments que s\u00f3n discriminat\u00f2ries per ra\u00f3 de sexe, ra\u00e7a, religi\u00f3, creences, edat o condici\u00f3;<\/li>\n<li>\u00e9s contrari al dret a l&#039;honor, intimitat personal i familiar o la imatge de les persones;<\/li>\n<li>de qualsevol manera, soscavar la credibilitat del prove\u00efdor o de tercers, i<\/li>\n<li>constitueix il\u00b7l\u00edcita, enganyosa o deslleial.<\/li>\n<\/ol>\n<h3>3.- EXCLUSI\u00d3 DE GARANTIES I RESPONSABILITAT<\/h3>\n<p>El prestador s&#039;eximeix de qualsevol tipus de responsabilitat derivada de la informaci\u00f3 publicada en el nostre lloc web, sempre que aquesta informaci\u00f3 hagi estat manipulada o introdu\u00efda per un tercer.<\/p>\n<p>Aquest lloc web ha estat revisat i provat perqu\u00e8 funcioni correctament. En principi, pot garantir el correcte funcionament els 365 dies de l&#039;any, les 24 hores del dia. No obstant aix\u00f2, el prestador no descarta la possibilitat que hi hagi certs errors de programaci\u00f3, o que es produeixin les causes de for\u00e7a major, cat\u00e0strofes naturals, vagues, o circumst\u00e0ncies semblants que facin impossible l&#039;acc\u00e9s a la p\u00e0gina web.<\/p>\n<p><strong>Dani Rodr\u00edguez Mollfulleda<\/strong> no donen cap garantia ni es fa responsable o la responsable, en cap cas, dels danys i perjudicis de qualsevol naturalesa que puguin anar per la falta de disponibilitat, manteniment i efectiu funcionament de la web o els seus serveis i continguts; de l&#039;exist\u00e8ncia de virus, programes maliciosos o lesius en els continguts; de la il\u00b7l\u00edcit, negligent, fraudulent o contraris al present Av\u00eds Legal i condicions d&#039;\u00fas, o La falta de licitud, qualitat, fiabilitat, \u00fas i disponibilitat dels serveis prestats per tercers i gestos disposici\u00f3 dels usuaris en el lloc web.<\/p>\n<p>El prestador no es fa responsable sota cap concepte dels danys i perjudicis que es puguin derivar de inadequat o il\u00b7l\u00edcit de la utilitzaci\u00f3 d&#039;aquest lloc web.<\/p>\n<h3>4.- Les COOKIES<\/h3>\n<p>El lloc web del prestador pot utilitzar cookies (petits arxius d&#039;informaci\u00f3 que el servidor envia a l&#039;ordinador de qui accedeix a la p\u00e0gina) per dur a terme determinades funcions que s\u00f3n considerades imprescindibles per al correcte funcionament i visualitzaci\u00f3 del lloc. Les cookies utilitzades tenen, en qualsevol cas, car\u00e0cter temporal amb l&#039;\u00fanica finalitat de fer m\u00e9s efica\u00e7 la navegaci\u00f3, i desapareixen en acabar la sessi\u00f3 de l&#039;usuari.<\/p>\n<p>Per a m\u00e9s informaci\u00f3, <a href=\"https:\/\/dadisseny.com\/ca\/politica-de-cookies\/\">consulteu la nostra Pol\u00edtica de Galetes<\/a><\/p>\n<h3>5.- ELS ENLLA\u00c7OS (LINKS)<\/h3>\n<p>Des de la p\u00e0gina web, \u00e9s possible que es redirigeixi a continguts de tercers llocs web. At\u00e8s que des de la web que no pot controlar sempre els continguts introdu\u00efts pels tercers, <strong>Dani Rodr\u00edguez Mollfulleda<\/strong> no assumeix cap tipus de responsabilitat respecte a aquests continguts. En qualsevol cas, el prestador manifesta que no es procedir\u00e0 a la retirada immediata de qualsevol contingut que pogu\u00e9s contravenir la legislaci\u00f3 nacional o internacional, la moral o l&#039;ordre p\u00fablic, procedint a la retirada immediata de la redirecci\u00f3 a aquesta web, posant en coneixement de les autoritats competents el contingut en q\u00fcesti\u00f3.<\/p>\n<p>El prestador no es fa responsable de la informaci\u00f3 i continguts emmagatzemats, a t\u00edtol d&#039;exemple, per\u00f2 no limitatiu, en f\u00f2rums, xats, generadors de blocs, comentaris, xarxes socials o qualsevol altre mitj\u00e0 que permeti a tercers publicar continguts de forma independent en la p\u00e0gina web del prestador. No obstant aix\u00f2 i en compliment del que disposa l&#039;art. 11 i 16 de la LSSICE, el prestador es posa a disposici\u00f3 de tots els usuaris, autoritats i forces de seguretat, i col * laborant activament en la retirada o, quan sigui necessari, el bloqueig de tots aquells continguts que poguessin afectar o contravenir la legislaci\u00f3 nacional, o internacional, drets de tercers o la moral i l&#039;ordre p\u00fablic. En el cas que l&#039;usuari consideri que pot ser que hi hagi algun contingut que pogu\u00e9s ser susceptible d&#039;aquesta classificaci\u00f3, si us plau, comuniqui de forma immediata a l&#039;administrador del lloc web.<\/p>\n<h3>6.- PROTECCI\u00d3 DE DADES DE CAR\u00c0CTER PERSONAL<\/h3>\n<p>El prestador del servei es compromet al compliment de la normativa de protecci\u00f3 de dades personals i garanteix el compliment \u00edntegre de les obligacions disposades, aix\u00ed com la implementaci\u00f3 de les mesures de seguretat segons el Reglament Europeu de Protecci\u00f3 de dades i la normativa espanyola sobre protecci\u00f3 de dades. Per a m\u00e9s informaci\u00f3, <a href=\"https:\/\/dadisseny.com\/ca\/politica-de-privacidad\/\">vegeu la nostra Pol\u00edtica de Privadesa.<\/a><\/p>\n<h3>7.- PROPIETAT INTEL\u00b7LECTUAL I INDUSTRIAL<\/h3>\n<p>El lloc web, incloent-hi per\u00f2 no limitat a, per\u00f2 no limitatiu la seva programaci\u00f3, edici\u00f3, compilaci\u00f3 i altres elements necessaris per al seu funcionament, els dissenys, logotips, textos, fotografies i\/o gr\u00e0fics s\u00f3n propietat del prestador o, si escau, disposin de la llic\u00e8ncia o autoritzaci\u00f3 expressa per part dels autors. Tots els continguts del lloc web es troben degudament protegits per la normativa de propietat intel\u00b7lectual i industrial.<\/p>\n<p>Independentment de la finalitat per a la qual fossin destinats, la reproducci\u00f3 total o parcial, \u00fas, distribuci\u00f3 i comunicaci\u00f3 p\u00fablica requereix autoritzaci\u00f3 pr\u00e8via per escrit per part del prestador. Qualsevol \u00fas no autoritzat pr\u00e8viament per part del prestador ser\u00e0 considerat un incompliment greu dels drets de propietat intel\u00b7lectual o industrial de l&#039;autor.<\/p>\n<p>Els dissenys, logotips, text i\/o gr\u00e0fics aliens al prestador i que poguessin apar\u00e8ixer al lloc web, pertanyen als seus respectius propietaris, sent ells mateixos responsables de qualsevol possible controv\u00e8rsia que pugui succeir respecte a la mateixa. En qualsevol cas, el prestador ha expressa i pr\u00e8via autoritzaci\u00f3 de la mateixa.<\/p>\n<p>El prestador reconeix a favor dels seus titulars els corresponents drets de propietat industrial i intel\u00b7lectual, no implicant la menci\u00f3 o aparici\u00f3 en el lloc web l&#039;exist\u00e8ncia de drets o cap responsabilitat del prestador sobre els mateixos, com tampoc recolzament, patrocini o recomanaci\u00f3 per part de la mateixa.<\/p>\n<p>Per a realitzar qualsevol tipus d&#039;observaci\u00f3 respecte a possibles incompliments dels drets de propietat intel\u00b7lectual o industrial, aix\u00ed com sobre qualsevol dels continguts del lloc web, pot fer-ho a trav\u00e9s de l&#039;e-mail per sobre de revisi\u00f3.<\/p>\n<h3>8.- LLEI APLICABLE I JURISDICCI\u00d3<\/h3>\n<p>Per a la resoluci\u00f3 de les controv\u00e8rsies o q\u00fcestions relacionades amb el present lloc web o de les activitats en aquest desenvolupades, ser\u00e0 d&#039;aplicaci\u00f3 la legislaci\u00f3 espanyola, a la qual les parts es sotmeten expressament, sent competents per a la resoluci\u00f3 de tots els conflictes derivats o relacionats amb el seu \u00fas dels Jutjats i tribunals de <strong>Barcelona<\/strong>.<\/p>\n<p>\u00daltima actualitzaci\u00f3: dilluns, 17 de maig, a l&#039;horitz\u00f3 2021<\/p>","protected":false},"excerpt":{"rendered":"<p>Con el fin de dar cumplimiento al art\u00edculo 10 de la Ley 34\/2002 de Servicios de la Sociedad de la Informaci\u00f3n y del Comercio Electr\u00f3nico, informamos a los usuarios de nuestros datos: Denominaci\u00f3n Social: Dani Rodriguez Mollfulleda Domicilio Social: Churruca, 11, 08788, Vilanova del Cam\u00ed, (Barcelona) CIF: 46780178H Tel\u00e9fono: 618375377 E-Mail: info@dadisseny.com Sitio Web: https:\/\/dadisseny.com [&hellip;]<\/p>\n","protected":false},"author":1,"featured_media":0,"parent":0,"menu_order":0,"comment_status":"closed","ping_status":"closed","template":"","meta":{"footnotes":""},"class_list":["post-2652","page","type-page","status-publish","hentry"],"_links":{"self":[{"href":"https:\/\/dadisseny.com\/ca\/wp-json\/wp\/v2\/pages\/2652","targetHints":{"allow":["GET"]}}],"collection":[{"href":"https:\/\/dadisseny.com\/ca\/wp-json\/wp\/v2\/pages"}],"about":[{"href":"https:\/\/dadisseny.com\/ca\/wp-json\/wp\/v2\/types\/page"}],"author":[{"embeddable":true,"href":"https:\/\/dadisseny.com\/ca\/wp-json\/wp\/v2\/users\/1"}],"replies":[{"embeddable":true,"href":"https:\/\/dadisseny.com\/ca\/wp-json\/wp\/v2\/comments?post=2652"}],"version-history":[{"count":0,"href":"https:\/\/dadisseny.com\/ca\/wp-json\/wp\/v2\/pages\/2652\/revisions"}],"wp:attachment":[{"href":"https:\/\/dadisseny.com\/ca\/wp-json\/wp\/v2\/media?parent=2652"}],"curies":[{"name":"wp","href":"https:\/\/api.w.org\/{rel}","templated":true}]}}