{"id":2660,"date":"2021-05-24T10:32:27","date_gmt":"2021-05-24T08:32:27","guid":{"rendered":"https:\/\/dadisseny.com\/?page_id=2660"},"modified":"2024-12-16T19:55:11","modified_gmt":"2024-12-16T18:55:11","slug":"politica-de-privacidad-de-redes-sociales","status":"publish","type":"page","link":"https:\/\/dadisseny.com\/ca\/politica-de-privacidad-de-redes-sociales\/","title":{"rendered":"Pol\u00edtica de privacitat a les Xarxes Socials"},"content":{"rendered":"<p>D&#039;acord amb el que estableix el Reglament (UE) 2016\/679 del Parlament Europeu i del Consell, de 27 d&#039;abril de 2016 a la protecci\u00f3 de les persones f\u00edsiques pel que fa al tractament de dades personals i a la lliure circulaci\u00f3 de<br \/>\naquestes dades, RGPD, i altres disposicions complement\u00e0ries vigents, l&#039;informem que les seves dades seran tractades sota la responsabilitat de Dani Rodr\u00edguez Mollfulleda, que informa que s&#039;ha procedit a crear un perfil en les xarxes socials amb la principal finalitat de fer publicitat dels seus productes i serveis.<\/p>\n<h4>Dades d&#039;identificaci\u00f3 del responsable del tractament:<\/h4>\n<p>Nom De La Companyia:<strong> Dani Rodr\u00edguez Mollfulleda<\/strong><br \/>\nDomicili: <strong>Churruca , 11, 08788 Vilanova del Cam\u00ed (Barcelona)<\/strong><br \/>\nCIF: <strong>46780178H<\/strong><br \/>\nTel\u00e8fon: <strong>618375377<\/strong><br \/>\nE-Mail: <strong>info@dadisseny.com<\/strong><br \/>\nLloc Web: <strong>https:\/\/dadisseny.com<\/strong><\/p>\n<p>L&#039;Usuari t\u00e9 un perfil a la mateixa Xarxa Social, i ha decidit volunt\u00e0riament unir-se a la p\u00e0gina oficial creada per l&#039; <strong>Dani Rodr\u00edguez Mollfulleda,<\/strong> mostrar inter\u00e8s en la informaci\u00f3 que est\u00e0 anunciat a la Xarxa.<\/p>\n<p>Per unir-se a la nostra p\u00e0gina, que ens donen el seu consentiment lliure, inequ\u00edvoc, espec\u00edfic, informat i expr\u00e9s per al tractament de dades de car\u00e0cter personal publicat en el seu perfil. Tamb\u00e9, assenyalar que es preveu a perfilar, en ordre a<br \/>\ncon\u00e8ixer els productes o serveis que poden adaptar-se, aix\u00ed com la millor manera de com comunicar-se amb ells, segons les seves prefer\u00e8ncies o h\u00e0bits demostrat, i que s\u00f3n oferts per <strong>Dani Rodr\u00edguez Mollfulleda.<\/strong><\/p>\n<p>L&#039;Usuari pot accedir en tot moment a les pol\u00edtiques de privacitat de la pr\u00f2pia Xarxa Social, aix\u00ed com configurar el seu perfil per tal de garantir la seva privacitat.<\/p>\n<p><strong>Dani Rodr\u00edguez Mollfulleda<\/strong> t\u00e9 acc\u00e9s i \u00e9s que la informaci\u00f3 p\u00fablica de l&#039;Usuari, especialment, el seu nom de contacte. Aquestes dades s\u00f3n utilitzades \u00fanicament dins la Xarxa Social i no s&#039;incorporaran a cap fitxer.<\/p>\n<h4>Menors<\/h4>\n<p>L&#039;acc\u00e9s i la inscripci\u00f3 en aquesta xarxa social est\u00e0 prohibida a menors de catorze (14) anys.<br \/>\nSi l&#039;usuari \u00e9s menor de catorze (14) anys, adverteix que ser\u00e0 necessari per donar suport a l&#039;aprovaci\u00f3 del titular del pare, tutor o representant legal per a l&#039;acc\u00e9s i \u00fas d&#039;aquesta p\u00e0gina oficial <strong>Dani Rodr\u00edguez Mollfulleda,<\/strong> haur\u00e0 de ser expressament exonerada de qualsevol responsabilitat que es pugui derivar de l&#039;\u00fas de la seva p\u00e0gina web oficial per menors d&#039;edat, sent responsabilitat dels seus representants legals.<\/p>\n<h4>Drets<\/h4>\n<p>D&#039;acord amb els drets conferits per la normativa vigent sobre protecci\u00f3 de dades es pot aplicar a la competent Autoritat supervisora de presentar la reclamaci\u00f3 que consideri oport\u00fa, aix\u00ed com tamb\u00e9 podreu exercir els drets d&#039;<br \/>\nd&#039;acc\u00e9s, rectificaci\u00f3, limitaci\u00f3 de tractament, eliminaci\u00f3, la portabilitat i oposici\u00f3 al tractament de les seves dades personals, aix\u00ed com revocar el consentiment atorgat per al tractament dels mateixos, dirigint la seva sol\u00b7licitud a <strong>Dani Rodr\u00edguez Mollfulleda, Churruca , 11, 08788 Vilanova del Cam\u00ed, Barcelona<\/strong>o per e-mail<br \/>\nelectr\u00f2nica <strong>info@dadisseny.com<\/strong><\/p>\n<h4>\u00das del perfil<\/h4>\n<p><strong>Dani Rodr\u00edguez Mollfulleda<\/strong> es dur\u00e0 a terme les seg\u00fcents accions:<br \/>\nL&#039;acc\u00e9s a la informaci\u00f3 p\u00fablica del perfil.<br \/>\nPublicaci\u00f3 en el perfil de l&#039;Usuari de tota la informaci\u00f3 ja publicada a la web de Dani Rodr\u00edguez Mollfulleda.<br \/>\nEnviar missatges personals de l&#039;individu i a trav\u00e9s dels canals de la Xarxa Social.<br \/>\nActualitzacions de l&#039;estat de la p\u00e0gina que es publicaran en el perfil de l&#039;Usuari.<\/p>\n<p>L&#039;Usuari pot controlar sempre les seves connexions, a eliminar el contingut que ja no t&#039;interessen i restringir qui comparteix les seves connexions, per a aix\u00f2 \u00e9s necessari per accedir a la configuraci\u00f3 de privadesa.<\/p>\n<h4>Publicacions<\/h4>\n<p>L&#039;Usuari, una vegada connectat a la web oficial de l&#039;<strong> Dani Rodr\u00edguez Mollfulleda,<\/strong> pots enviar comentaris, enlla\u00e7os, imatges o fotografies, o qualsevol altre tipus de contingut multim\u00e8dia suportats per la Xarxa Social. L&#039;Usuari, en tot cas, ha de ser el propietari dels mateixos, gaudir dels drets d&#039;autor i drets de propietat intel\u00b7lectual o t\u00e9 el consentiment de la tercera part interessada. Queda expressament prohibida la publicaci\u00f3 en la p\u00e0gina, ja siguin textos, gr\u00e0fics, fotografies, v\u00eddeos, etc. que el conflicte amb o s\u00f3n susceptibles d&#039;atemptar contra la moral, l&#039;\u00e8tica, el bon gust o el dec\u00f2rum, o que puguin atemptar contra, violin o infringeixin els drets de propietat intel\u00b7lectual o industrial, el dret a la imatge, o la Llei.<br \/>\n<strong>Dani Rodr\u00edguez Mollfulleda<\/strong> es reserva el dret de retirar immediatament el contingut, de forma unilateral i sense previ av\u00eds o autoritzaci\u00f3 de l&#039;usuari, podent sol\u00b7licitar el bloqueig permanent de l&#039;Usuari.<br \/>\n<strong>Dani Rodr\u00edguez Mollfulleda<\/strong> no \u00e9s fa responsable dels continguts publicats lliurement per l&#039;Usuari.<br \/>\nL&#039;Usuari ha de tenir en compte que les seves publicacions seran coneguts per la resta d&#039;Usuaris, de manera que ell mateix \u00e9s el principal responsable de la seva privacitat.<br \/>\nLes imatges que es poden publicar a la p\u00e0gina no seran enregistrades a cap fitxer per <strong>Dani Rodr\u00edguez Mollfulleda<\/strong> per\u00f2 s\u00ed que romandr\u00e0 a la Xarxa<br \/>\nSocials.<\/p>\n<h4>Concursos i promocions<\/h4>\n<p><strong>Dani Rodr\u00edguez Mollfulleda<\/strong> es reserva el dret de convocar els concursos i les promocions, en el qual haur\u00e0 de participar en l&#039;Usuari incorpora a la seva p\u00e0gina. Les bases de cada un d&#039;ells, quan s&#039;utilitza la plataforma de la Xarxa Social, que seran publicades en la mateixa, sempre complint la LSSICE, i amb qualsevol altra normativa que s&#039;aplica a vost\u00e8.<br \/>\nLa Xarxa Social no patrocinar, avalar, o l&#039;administraci\u00f3, de qualsevol manera, qualsevol de les nostres promocions, ni est\u00e0 associat amb cap d&#039;ells.<\/p>\n<h4>Publicitat<\/h4>\n<p><strong>Dani Rodr\u00edguez Mollfulleda<\/strong> s&#039;utilitza la Xarxa Social per donar a con\u00e8ixer els seus productes i serveis. En qualsevol cas, si es decideix tractar les seves dades de contacte per dur a terme accions directes de prospecci\u00f3 comercial, sempre ser\u00e0 en compliment amb els requisits legals de la RGPD-LOPDGDD i de la LSSICE.<br \/>\nNo es considera publicitat el fet de recomanar a altres Usuaris a la p\u00e0gina de l&#039; <strong>Dani Rodr\u00edguez Mollfulleda <\/strong>perqu\u00e8 ells tamb\u00e9 puguin gaudir de les promocions o ser informats de la seva activitat.<\/p>\n<h4>Altres informacions d&#039;inter\u00e8s<\/h4>\n<p><strong>Dani Rodr\u00edguez Mollfulleda,<\/strong> pot modificar i\/o substituir en qualsevol moment aquesta pol\u00edtica que, segons el cas, substituir, complementar i\/o modificar l&#039;actual publicats. Per tant, l&#039;usuari ha d&#039;peri\u00f2dicament acc\u00e9s a la mateixa, amb la finalitat de mantenir actualitzat.<\/p>\n<p>A continuaci\u00f3 detallem l&#039;enlla\u00e7 a la pol\u00edtica de privadesa de la Xarxa Social:<br \/>\nFacebook: https:\/\/www.facebook.com\/help\/323540651073243\/<br \/>\nTwitter: https:\/\/twitter.com\/privacy<br \/>\nLinkedIN: https:\/\/www.linkedin.com\/legal\/privacy-policy?_l=es_ES<br \/>\nYoutube: http:\/\/www.youtube.com\/yt\/policyandsafety\/es\/<br \/>\nGoogle +: https:\/\/www.google.com\/intl\/es_ALL\/+\/policy\/<\/p>\n<p>\u00daltima actualitzaci\u00f3: dilluns, 17 de Maig, a l&#039;horitz\u00f3 2021<\/p>","protected":false},"excerpt":{"rendered":"<p>De acuerdo con lo establecido por el Reglamento (UE) 2016\/679 del Parlamento Europeo y del Consejo, de 27 de abril de 2016, relativo a la protecci\u00f3n de las personas f\u00edsicas en lo que respecta al tratamiento de datos personales y a la libre circulaci\u00f3n de estos datos, RGPD, y dem\u00e1s normativa complementaria vigente, le informamos [&hellip;]<\/p>\n","protected":false},"author":1,"featured_media":0,"parent":0,"menu_order":0,"comment_status":"closed","ping_status":"closed","template":"","meta":{"footnotes":""},"class_list":["post-2660","page","type-page","status-publish","hentry"],"_links":{"self":[{"href":"https:\/\/dadisseny.com\/ca\/wp-json\/wp\/v2\/pages\/2660","targetHints":{"allow":["GET"]}}],"collection":[{"href":"https:\/\/dadisseny.com\/ca\/wp-json\/wp\/v2\/pages"}],"about":[{"href":"https:\/\/dadisseny.com\/ca\/wp-json\/wp\/v2\/types\/page"}],"author":[{"embeddable":true,"href":"https:\/\/dadisseny.com\/ca\/wp-json\/wp\/v2\/users\/1"}],"replies":[{"embeddable":true,"href":"https:\/\/dadisseny.com\/ca\/wp-json\/wp\/v2\/comments?post=2660"}],"version-history":[{"count":0,"href":"https:\/\/dadisseny.com\/ca\/wp-json\/wp\/v2\/pages\/2660\/revisions"}],"wp:attachment":[{"href":"https:\/\/dadisseny.com\/ca\/wp-json\/wp\/v2\/media?parent=2660"}],"curies":[{"name":"wp","href":"https:\/\/api.w.org\/{rel}","templated":true}]}}