{"id":477,"date":"2019-02-26T10:40:47","date_gmt":"2019-02-26T09:40:47","guid":{"rendered":"https:\/\/dadisseny.com\/?page_id=477"},"modified":"2024-12-16T19:54:35","modified_gmt":"2024-12-16T18:54:35","slug":"politica-de-privacidad","status":"publish","type":"page","link":"https:\/\/dadisseny.com\/ca\/politica-de-privacidad\/","title":{"rendered":"Pol\u00edtica de privacitat"},"content":{"rendered":"<p><strong>Dani Rodr\u00edguez Mollfulleda<\/strong>com a responsable d&#039;aquest lloc web i de conformitat amb la normativa vigent sobre protecci\u00f3 de dades personals, el Reglament (UE) 2016\/679 de 27 d&#039;abril de 2016 (RGPD) relatiu a la protecci\u00f3 de les persones f\u00edsiques respecte al tractament de dades personals i a la lliure circulaci\u00f3 d&#039;aquestes dades, la Llei Org\u00e0nica 3\/2018, de 5 de desembre, de Protecci\u00f3 de Dades Personals i la garantia de drets digitals (LOPDGDD), i per la Llei 34\/2002, de 11 de juliol, de Serveis de la Societat de la Informaci\u00f3 i de Comer\u00e7 Electr\u00f2nic (LSSICE), vost\u00e8 ha implantat totes les mesures de seguretat d&#039;\u00edndole t\u00e8cnica i organitzativa, per tal de garantir i protegir la confidencialitat, integritat i disponibilitat de les dades introdu\u00efdes.<\/p>\n<p>L&#039;\u00fas del lloc Web implica l&#039;acceptaci\u00f3 d&#039;aquesta Pol\u00edtica de Privacitat, aix\u00ed com els termes i les condicions continguts en el present Av\u00eds Legal.<\/p>\n<h3>LA IDENTITAT DEL RESPONSABLE DE<\/h3>\n<p>L&#039;informem que aquesta p\u00e0gina web \u00e9s propietat de <strong>Dani Rodr\u00edguez Mollfulleda<\/strong>a partir d&#039;ara tamb\u00e9 el Prestador del servei est\u00e0 domiciliat en <strong>Churruca, 11<\/strong>, <strong>08788<\/strong>, <strong>Vilanova del Cam\u00ed<\/strong>, (<strong>Barcelona<\/strong>), Amb CIF <strong>46780178H<\/strong>, tel\u00e8fon de contacte, <strong>618375377<\/strong>i adre\u00e7a de correu electr\u00f2nic: <strong>info@dadisseny.com<\/strong>.<\/p>\n<h3>PRINCIPIS QUE S&#039;APLIQUEN EN EL TRACTAMENT DE LES DADES<\/h3>\n<p>En el tractament de les seves dades de car\u00e0cter personal, Dani Rodriguez Mollfulleda s&#039;han d&#039;aplicar els principis seg\u00fcents que s&#039;ajustin a les exig\u00e8ncies del nou reglament europeu de protecci\u00f3 de dades:<\/p>\n<p><strong>Principi de legalitat, la lleialtat i transpar\u00e8ncia: Dani Rodr\u00edguez Mollfulleda<\/strong> es requerir\u00e0 sempre el seu consentiment per al tractament de les seves dades personals poden ser per un o m\u00e9s usos espec\u00edfics en el qual haur\u00e0 de ser informat pr\u00e8viament amb absoluta transpar\u00e8ncia.<\/p>\n<p><strong>Principi de minimitzaci\u00f3 de dades: Dani Rodr\u00edguez Mollfulleda<\/strong> vost\u00e8 haur\u00e0 de sol\u00b7licitar \u00fanicament les dades estrictament necess\u00e0ries per a la finalitat o finalitats per a les quals la sol\u00b7licitud.<\/p>\n<p><strong>Principi de limitaci\u00f3 de la conservaci\u00f3 de la temporada:<\/strong> Les dades que es mant\u00e9 durant el temps estrictament necessari per a la finalitat o finalitats de la tramitaci\u00f3.<\/p>\n<p>L&#039; <strong>Dani Rodr\u00edguez Mollfulleda<\/strong> vost\u00e8 ha d&#039;informar de la durada de la conservaci\u00f3, segons la finalitat. En el cas de les subscripcions, la <strong>Dani Rodr\u00edguez Mollfulleda<\/strong> haur\u00e0 de revisar peri\u00f2dicament la llista i eliminar els inactius registres per a un considerable de temps.<\/p>\n<p><strong>Principi d&#039;integritat i confidencialitat:<\/strong> Les vostres dades seran tractades de forma que la seva seguretat, la confidencialitat i la integritat est\u00e0 garantida. Vost\u00e8 ha de saber que <strong>Dani Rodr\u00edguez Mollfulleda<\/strong> agafeu les precaucions necess\u00e0ries per evitar l&#039;acc\u00e9s no autoritzat o l&#039;\u00fas indegut dels seus usuaris dades per part de tercers.<\/p>\n<h3>RECOLLIDA DE DADES DE CAR\u00c0CTER PERSONAL<\/h3>\n<p>Per navegar pel lloc Web no \u00e9s necessari introduir les dades de car\u00e0cter personal. Els casos en que faciliteu les vostres dades personals s\u00f3n les seg\u00fcents:<\/p>\n<p>El contacte mitjan\u00e7ant els formularis de contacte o enviant un e-mail.<\/p>\n<h3>ELS SEUS DRETS<\/h3>\n<p>Dani Rodr\u00edguez Mollfulleda informa que de les vostres dades de car\u00e0cter personal, vost\u00e8 t\u00e9 el dret a:<\/p>\n<ul>\n<li>Sol\u00b7licitar l&#039;acc\u00e9s a les dades emmagatzemades.<\/li>\n<li>Per sol\u00b7licitar una rectificaci\u00f3 o cancel\u00b7laci\u00f3.<\/li>\n<li>Sol\u00b7licitud de la limitaci\u00f3 del seu tractament.<\/li>\n<li>Oposar-se al tractament.<\/li>\n<li>Sol\u00b7licitar la portabilitat de les dades.<\/li>\n<\/ul>\n<p>L&#039;exercici d&#039;aquests drets \u00e9s personal i, per tant, ha de ser exercit directament per l&#039;interessat, per demanar-la directament a la <strong>Dani Rodr\u00edguez Mollfulleda<\/strong> , el que significa que qualsevol client, abonat o col\u00b7laborador que hagi facilitat les seves dades en algun moment es pot anar a l&#039; <strong>Dani Rodr\u00edguez Mollfulleda<\/strong> i demanar informaci\u00f3 sobre les dades que t\u00e9 emmagatzemades i com s&#039;ha obtingut, per sol\u00b7licitar la rectificaci\u00f3 de la mateixa, per sol\u00b7licitar la portabilitat de les vostres dades, a oposar-se al tractament, de limitar l&#039;\u00fas o sol\u00b7licitar la cancel\u00b7laci\u00f3 d&#039;aquestes dades als fitxers <strong>Dani Rodr\u00edguez Mollfulleda<\/strong>.<\/p>\n<p>Per exercitar els drets d&#039;acc\u00e9s, rectificaci\u00f3, cancel * laci\u00f3, la portabilitat i oposici\u00f3 al seu tractament dirigint-se a <strong>Churruca, 11<\/strong>, <strong>08788<\/strong>, <strong>Vilanova del Cam\u00ed<\/strong>, (<strong>Barcelona<\/strong>), o enviar un correu electr\u00f2nic a <strong>info@dadisseny.com<\/strong> juntament amb prova v\u00e0lida en dret, com fotoc\u00f2pia del D. N. I. o equivalent.<\/p>\n<p>Vost\u00e8 t\u00e9 dret a presentar una den\u00fancia davant de l&#039;autoritat supervisora si considera que hi ha d&#039;haver violat els seus drets en relaci\u00f3 amb la protecci\u00f3 de les dades (<b style=\"color: #222222; font-family: Calibri, sans-serif; font-size: 14.6667px;\"><a style=\"color: #1155cc;\" href=\"http:\/\/www.aepd.es\/\" target=\"_blank\" rel=\"noopener nofollow\" data-saferedirecturl=\"https:\/\/www.google.com\/url?q=http:\/\/www.aepd.es&amp;source=gmail&amp;ust=1672927353912000&amp;usg=AOvVaw136GWP-XAQSRxUEYk1gcu4\">www.aepd.es<\/a><\/b>).<\/p>\n<h3>FINALITAT DEL TRACTAMENT DE LES DADES DE CAR\u00c0CTER PERSONAL<\/h3>\n<p>Quan et connectes a la Web per a enviar un e-mail a <strong>Dani Rodr\u00edguez Mollfulleda<\/strong>, que subscriure&#039;s al seu butllet\u00ed o fer un contracte, que proporcionen informaci\u00f3 personal per a que la persona responsable <strong>Dani Rodr\u00edguez Mollfulleda<\/strong>. Aquesta informaci\u00f3 pot incloure dades de car\u00e0cter personal com la seva adre\u00e7a IP, el nom i cognom, adre\u00e7a f\u00edsica, adre\u00e7a de correu electr\u00f2nic, n\u00famero de tel\u00e8fon, i altra informaci\u00f3. En donar aquesta informaci\u00f3, vost\u00e8 d\u00f3na el seu consentiment per a que la vostra informaci\u00f3 es recull, utilitza, gestiona i s&#039;emmagatzema per <strong>https:\/\/dadisseny.com<\/strong>nom\u00e9s tal i com es descriu en el present Av\u00eds Legal i a aquesta Pol\u00edtica de Privacitat.<\/p>\n<p>Les dades de car\u00e0cter personal i la finalitat del tractament per part de <strong>Dani Rodr\u00edguez Mollfulleda<\/strong> s\u00f3n diferents en funci\u00f3 del sistema de recollida de la informaci\u00f3:<\/p>\n<p><strong>Formes de contacte: Dani Rodr\u00edguez Mollfulleda<\/strong> sol\u00b7liciti dades personals, que poden ser: Nom i cognoms, adre\u00e7a de correu electr\u00f2nic, amb la finalitat de donar resposta a la seva consulta.<\/p>\n<p><strong>Dani Rodr\u00edguez Mollfulleda<\/strong> utilitzar aquestes dades per respondre els vostres missatges, preguntes, queixes, comentaris o dubtes que tingueu sobre la informaci\u00f3 continguda en el lloc Web, els serveis prestats a trav\u00e9s del lloc Web, el tractament de les seves dades de car\u00e0cter personal, preguntes referides als textos legals inclosos en el lloc Web, aix\u00ed com a qualsevol tipus de dubte que pugui tenir, i que no est\u00e0 subjecte als termes de la Web o de la contractaci\u00f3.<\/p>\n<p>La base legal per al tractament de les dades: la Legitimaci\u00f3 per a la realitzaci\u00f3 d&#039;un contracte, el leg\u00edtim inter\u00e8s de <strong>Dani Rodr\u00edguez Mollfulleda<\/strong> o per consentiment de l&#039;interessat.<\/p>\n<p><strong>Formes de subscripci\u00f3 de continguts: Dani Rodr\u00edguez Mollfulleda<\/strong> sol\u00b7licitud de les seg\u00fcents dades personals: Nom i cognoms, adre\u00e7a de correu electr\u00f2nic, per gestionar la llista de subscripcions, enviar butlletins de not\u00edcies, promocions i ofertes especials.<\/p>\n<p>La base legal per al tractament de les dades: la Legitimaci\u00f3 per a la realitzaci\u00f3 d&#039;un contracte, la Legitimaci\u00f3 per a l&#039;Inter\u00e8s leg\u00edtim del responsable del tractament o d&#039;un tercer, i Legitimaci\u00f3 per consentiment de l&#039;interessat.<\/p>\n<p>Hi ha altres finalitats per a les quals <strong>Dani Rodr\u00edguez Mollfulleda<\/strong> \u00e9s vostres dades de car\u00e0cter personal:<\/p>\n<p>Per assegurar el compliment de les condicions generals recollides en el present Av\u00eds Legal i la legislaci\u00f3 aplicable. Aix\u00f2 pot incloure el desenvolupament d&#039;eines i algorismes que ajuda a aquest lloc Web per a garantir la confidencialitat de les dades de car\u00e0cter personal que recull.<\/p>\n<p>Per donar suport i millorar els serveis oferts per aquest lloc.<\/p>\n<p>Per analitzar la navegaci\u00f3. <strong>Dani Rodr\u00edguez Mollfulleda<\/strong> recollir altres no-identificaci\u00f3 de les dades obtingudes a trav\u00e9s de l&#039;\u00fas de les galetes que es descarreguen a l&#039;ordinador quan es navega per la p\u00e0gina Web que les seves caracter\u00edstiques i finalitat es detallen a la Galeta de la Pol\u00edtica.<\/p>\n<h3>SEGURETAT DE LES DADES PERSONALS<\/h3>\n<p>Per protegir les vostres dades de car\u00e0cter personal, <strong>Dani Rodr\u00edguez Mollfulleda<\/strong> pren totes les precaucions raonables i seguir ind\u00fastria de bones pr\u00e0ctiques per evitar la p\u00e8rdua, mal \u00fas, acc\u00e9s no autoritzat, revelaci\u00f3, alteraci\u00f3 o destrucci\u00f3 de la mateixa.<\/p>\n<p>La Web est\u00e0 allotjada en <strong>SW Hosting i C. T.. SL<\/strong>podeu consultar la seva pol\u00edtica de privacitat en <strong>https:\/\/www.swhosting.com\/es\/legal\/rgpd<\/strong>. La seguretat de les dades est\u00e0 garantida, ja que prengui totes les mesures de seguretat necess\u00e0ries per fer-ho. Podeu veure la seva pol\u00edtica de privadesa per obtenir m\u00e9s informaci\u00f3.<\/p>\n<h3>CONTINGUT D&#039;ALTRES LLOCS WEB<\/h3>\n<p>Les p\u00e0gines d&#039;aquest lloc Web pot incloure contingut incrustat (per exemple, v\u00eddeos, imatges, articles, etc.). Incrustar els continguts d&#039;altres llocs web que es comporta exactament de la mateixa manera que si heu visitat el lloc web.<\/p>\n<p>Aquests llocs poden recollir dades sobre l&#039;usuari, l&#039;\u00fas de cookies, inserir un codi de seguiment addicionals de tercers, i monitoritzar la seva interacci\u00f3 amb aquest codi.<\/p>\n<h3>GALETES POL\u00cdTICA<\/h3>\n<p>Per fer aquest lloc web funcioni correctament cal utilitzar &#034;cookies&#034;, que \u00e9s la informaci\u00f3 que s&#039;emmagatzemen en el navegador web.<\/p>\n<p>A la p\u00e0gina de la Pol\u00edtica de les Galetes podeu consultar tota la informaci\u00f3 relacionada amb la pol\u00edtica i de la col\u00b7lecci\u00f3, la finalitat i el tractament de les galetes.<\/p>\n<p>Legitimaci\u00f3 per al tractament de dades<\/p>\n<p>La base legal per al tractament de les seves dades \u00e9s: consentiment.<\/p>\n<p>Per a contactar <strong>Dani Rodr\u00edguez Mollfulleda<\/strong>, subscriure&#039;s a un butllet\u00ed de not\u00edcies o fer comentaris en aquest lloc Web, vost\u00e8 accepta aquesta Galeta Pol\u00edtica.<\/p>\n<h3>LES CATEGORIES DE DADES DE CAR\u00c0CTER PERSONAL<\/h3>\n<p>Les categories de dades de car\u00e0cter personal que es <strong>Dani Rodr\u00edguez Mollfulleda<\/strong> aquests s\u00f3n:<\/p>\n<p>Identificaci\u00f3 de les dades.<\/p>\n<p>Conservaci\u00f3 de dades de car\u00e0cter personal<\/p>\n<p>Les dades personals que vost\u00e8 faciliti a <strong>Dani Rodr\u00edguez Mollfulleda<\/strong> es mantindr\u00e0 fins que demanar la seva supressi\u00f3.<\/p>\n<h3>DESTINATARIS DE LES DADES DE CAR\u00c0CTER PERSONAL<\/h3>\n<p><strong>Dani Rodr\u00edguez Mollfulleda<\/strong> no donar dades personals a tercers, excepte per obligaci\u00f3 legal. No obstant aix\u00f2, en el cas de ser transferides a tercers seria una informaci\u00f3 abans de demanar el consentiment expr\u00e9s per a aquesta tasca. L&#039;entitat responsable de la base de dades, aix\u00ed com aquells que intervenen en qualsevol fase del tractament i\/o entitats a qui s&#039;hagin comunicat -en qualsevol cas sempre amb la corresponent autoritzaci\u00f3 atorgada per l&#039;usuari, s\u00f3n obligats a observar el secret professional i a adoptar els nivells de protecci\u00f3 i les mesures t\u00e8cniques i organitzatives al seu abast per garantir la seguretat de les dades de car\u00e0cter personal, evitant, en la mesura del possible, l&#039;acc\u00e9s no autoritzat, il\u00b7legals modificacions, supressions i\/o la p\u00e8rdua de dades, per tal de garantir el nivell corresponent de seguretat dels arxius del Prove\u00efdor, segons la naturalesa i la sensibilitat de les dades proporcionades pels usuaris d&#039;aquest lloc web.<\/p>\n<h3>NAVEGACI\u00d3 WEB<\/h3>\n<p>Per a navegar pel LLOC WEB, pot recollir la no identificaci\u00f3 de dades, que poden incloure, la seva adre\u00e7a IP, ubicaci\u00f3 geogr\u00e0fica, un registre de com utilitzar els llocs i serveis, h\u00e0bits de navegaci\u00f3 i altres dades que no es poden utilitzar per identificar-vos.<\/p>\n<p>El lloc Web utilitza els seg\u00fcents tercers an\u00e0lisi:<\/p>\n<p><strong>Google Analytics<\/strong> \u00e9s un servei anal\u00edtic de web prestat per Google, Inc., una companyia de Delaware amb oficina principal a 1600 Amphitheatre Parkway, Mountain View (Calif\u00f2rnia), CA 94043, Estats units (?Google?).<br \/>\nEncontrar\u00e1s m\u00e1s informaci\u00f3n en: https:\/\/analytics.google.com<br \/>\nGoogle Analytics utilitza ?les galetes?, que s\u00f3n arxius de text ubicats al seu ordinador, per ajudar el <strong>Dani Rodr\u00edguez Mollfulleda<\/strong> per a analitzar l&#039;\u00fas que els usuaris fan de la Web. La informaci\u00f3 que genera la cookie sobre el seu \u00fas del lloc Web (incloent la seva adre\u00e7a IP) ser\u00e0 directament transmesa i arxivada per Google en els servidors dels Estats units.<\/p>\n<p>Tamb\u00e9 podeu veure una llista dels tipus de galetes que fa servir Google i els seus socis i tota la informaci\u00f3 relacionada amb l&#039;\u00fas de les galetes per a publicitat.<\/p>\n<p>L&#039; <strong>Dani Rodr\u00edguez Mollfulleda<\/strong> utilitza la informaci\u00f3 obtinguda per a l&#039;obtenci\u00f3 de dades estad\u00edstiques, analitzar tend\u00e8ncies, administrar el lloc, l&#039;estudi de patrons de navegaci\u00f3 i recopilar informaci\u00f3 demogr\u00e0fica.<\/p>\n<h3>EXACTITUD I VERACITAT DE LES DADES DE CAR\u00c0CTER PERSONAL<\/h3>\n<p>L&#039;usuari \u00e9s l&#039;\u00fanic responsable de la veracitat i correcci\u00f3 de les dades que pot referir-se a <strong>Dani Rodr\u00edguez Mollfulleda<\/strong>incloses , exonerant <strong>Dani Rodr\u00edguez Mollfulleda<\/strong> des de qualsevol responsabilitat en aquest sentit. Els usuaris garanteixen i responen, en qualsevol cas, de l&#039;exactitud, vig\u00e8ncia i autenticitat de les dades personals facilitades, i es comprometen a mantenir-les degudament actualitzades. L&#039;usuari accepta proporcionar informaci\u00f3 completa i correcta en el formulari de registre o subscripci\u00f3.<\/p>\n<h3>ACCEPTACI\u00d3 I CONSENTIMENT<\/h3>\n<p>L&#039;Usuari, declara haver estat informat de les condicions sobre protecci\u00f3 de dades de car\u00e0cter personal, acceptant i consentint el tractament automatitzat dels mateixos per part de Dani Rodr\u00edguez Mollfulleda en la forma i per les finalitats indicades en la present Pol\u00edtica de Protecci\u00f3 de Dades de car\u00e0cter Personal.<\/p>\n<h3>ENVIAR CV<\/h3>\n<p>En el cas que l&#039;usuari enviar el seu CV a trav\u00e9s de la nostra web, us informem que les dades facilitades seran tractades per fer-li part dels processos de selecci\u00f3 que pot existir, la realitzaci\u00f3 d&#039;un an\u00e0lisi del perfil de la persona sol\u00b7licitant amb l&#039;objectiu de seleccionar el millor candidat per a la vacant de la Responsable. Qu\u00e8 us informem que aquesta \u00e9s l&#039;\u00fanica oficial procediment per acceptar el seu curr\u00edculum, de manera que no podem acceptar cvs enviat per un altre procediment \u00e9s diferent. En cas de qualsevol canvi en les dades, si us plau notificar-nos-ho tan aviat com sigui possible, per tal de mantenir les dades degudament actualitzades.<\/p>\n<p>Les dades es mant\u00e9 per un per\u00edode m\u00e0xim d&#039;un any, despr\u00e9s del qual es procedir\u00e0 a la cancel\u00b7laci\u00f3 de les dades, garantint un total respecte a la confidencialitat tant en el tractament i en la seva posterior destrucci\u00f3. En aquest sentit, despr\u00e9s de l&#039;esmentat termini, i si vols seguir participant en els processos de selecci\u00f3 de la Responsable, si us plau, envieu-nos el seu curr\u00edculum vitae de nou.<\/p>\n<p>Les dades poden ser tractades i\/o comunicades a les empreses del nostre grup durant el temps de conservaci\u00f3 del seu curr\u00edculum, i per a les mateixes finalitats pr\u00e8viament informat.<\/p>\n<h3>CORREUS COMERCIALS<\/h3>\n<p>D&#039;acord amb la LSSICE, <strong>Dani Rodr\u00edguez Mollfulleda<\/strong> pr\u00e0ctiques no fer SPAM, per tant, no envia correus comercials per correu electr\u00f2nic que no hagin estat pr\u00e8viament sol\u00b7licitats o autoritzats per l&#039;Usuari. En conseq\u00fc\u00e8ncia, en cada un dels formularis de la P\u00e0gina Web, l&#039;Usuari t\u00e9 la possibilitat de donar el seu consentiment expr\u00e9s per rebre el nostre Butllet\u00ed, independentment de la informaci\u00f3 comercial sol\u00b7licitada amb promptitud.<\/p>\n<h3>REVOCABILIDAD<\/h3>\n<p>Per exercitar els drets d&#039;acc\u00e9s, rectificaci\u00f3, cancel * laci\u00f3, la portabilitat i oposici\u00f3 cal enviar un e-mail a <strong>info@dadisseny.com<\/strong> juntament amb prova v\u00e0lida en dret, com fotoc\u00f2pia del D. N. I. o equivalent.<\/p>\n<p>L&#039;exercici dels seus drets no inclouen totes les dades que <strong>Dani Rodr\u00edguez Mollfulleda<\/strong> vost\u00e8 est\u00e0 obligat a mantenir administratives, legals o de seguretat.<\/p>\n<h3>CANVIS EN LA POL\u00cdTICA DE PRIVACITAT<\/h3>\n<p><strong>Dani Rodr\u00edguez Mollfulleda<\/strong> es reserva el dret a modificar la present Pol\u00edtica de Privacitat per a adaptar-lo a novetats legislatives o jurisprudencials desenvolupaments, aix\u00ed com a pr\u00e0ctiques de la ind\u00fastria.<\/p>\n<p>Aquestes pol\u00edtiques seran vigents fins que siguin modificades per altres degudament publicades.<\/p>\n<h3>LEGISLACI\u00d3<\/h3>\n<p>A tots els efectes, de les relacions entre <strong>Dani Rodr\u00edguez Mollfulleda<\/strong> amb els Usuaris dels seus serveis telem\u00e0tics, presents en aquest lloc Web, es troben sotmeses a la legislaci\u00f3 i jurisdicci\u00f3 espanyola a la qual les parts es sotmeten expressament, sent competents per a la resoluci\u00f3 de tots els conflictes derivats o relacionats amb el seu \u00fas dels Jutjats i tribunals de <strong>Barcelona<\/strong>.<\/p>\n<p>\u00daltima actualitzaci\u00f3: dilluns, 17 de maig, a l&#039;horitz\u00f3 2021<\/p>","protected":false},"excerpt":{"rendered":"<p>Dani Rodriguez Mollfulleda, como responsable del presente Sitio web y en conformidad con lo que dispone la normativa vigente en materia de protecci\u00f3n de datos personales, el Reglamento (UE) 2016\/679 de 27 de abril de 2016 (RGPD) relativo a la protecci\u00f3n de las personas f\u00edsicas en cuanto al tratamiento de datos personales y a la [&hellip;]<\/p>\n","protected":false},"author":1,"featured_media":0,"parent":0,"menu_order":0,"comment_status":"closed","ping_status":"closed","template":"","meta":{"footnotes":""},"class_list":["post-477","page","type-page","status-publish","hentry"],"_links":{"self":[{"href":"https:\/\/dadisseny.com\/ca\/wp-json\/wp\/v2\/pages\/477","targetHints":{"allow":["GET"]}}],"collection":[{"href":"https:\/\/dadisseny.com\/ca\/wp-json\/wp\/v2\/pages"}],"about":[{"href":"https:\/\/dadisseny.com\/ca\/wp-json\/wp\/v2\/types\/page"}],"author":[{"embeddable":true,"href":"https:\/\/dadisseny.com\/ca\/wp-json\/wp\/v2\/users\/1"}],"replies":[{"embeddable":true,"href":"https:\/\/dadisseny.com\/ca\/wp-json\/wp\/v2\/comments?post=477"}],"version-history":[{"count":0,"href":"https:\/\/dadisseny.com\/ca\/wp-json\/wp\/v2\/pages\/477\/revisions"}],"wp:attachment":[{"href":"https:\/\/dadisseny.com\/ca\/wp-json\/wp\/v2\/media?parent=477"}],"curies":[{"name":"wp","href":"https:\/\/api.w.org\/{rel}","templated":true}]}}